{"id":5,"date":"2021-09-21T15:57:22","date_gmt":"2021-09-21T15:57:22","guid":{"rendered":"http:\/\/sce-fi.no\/?page_id=5"},"modified":"2022-08-28T18:57:53","modified_gmt":"2022-08-28T18:57:53","slug":"sce-fi","status":"publish","type":"page","link":"https:\/\/sce-fi.no\/index.php\/sce-fi\/","title":{"rendered":"SCE-FI"},"content":{"rendered":"\n<div class=\"wp-block-columns alignwide are-vertically-aligned-top is-layout-flex wp-container-core-columns-is-layout-9d6595d7 wp-block-columns-is-layout-flex\">\n<div class=\"wp-block-column is-vertically-aligned-top is-layout-flow wp-block-column-is-layout-flow\">\n<h3 class=\"wp-block-heading\">En kulinarisk scenekunst-opplevelse om hva vi skal spise i fremtiden<\/h3>\n\n\n\n<p>\u00c5ret er 2050 og verden, slik vi kjenner den, har kollapset. Det er ikke lenger mulig \u00e5 produsere og distribuere mat, og du er en av de overlevende som har samlet seg i n\u00e6rmeste tilfluktsrom.<\/p>\n<\/div>\n\n\n\n<div class=\"wp-block-column is-vertically-aligned-top is-layout-flow wp-block-column-is-layout-flow\">\n<p>To representanter fra myndighetene m\u00f8ter deg i tilfluktsrommet, hvor du blir tilordnet en gruppe du skal forholde deg til. Det gjelder \u00e5 samarbeide og beholde roen. Men n\u00e5r det ikke heller finnes mat i tilfluktsrommet er gode r\u00e5d dyre.<\/p>\n<\/div>\n\n\n\n<div class=\"wp-block-column is-vertically-aligned-top is-layout-flow wp-block-column-is-layout-flow\">\n<p><\/p>\n<\/div>\n<\/div>\n\n\n\n<div class=\"wp-block-group alignwide\"><div class=\"wp-block-group__inner-container is-layout-flow wp-block-group-is-layout-flow\">\n<div class=\"wp-block-columns alignwide are-vertically-aligned-top is-style-twentytwentyone-columns-overlap is-layout-flex wp-container-core-columns-is-layout-9d6595d7 wp-block-columns-is-layout-flex\">\n<div class=\"wp-block-column is-vertically-aligned-top is-layout-flow wp-block-column-is-layout-flow\">\n<figure class=\"wp-block-image alignfull size-large\"><img loading=\"lazy\" decoding=\"async\" width=\"2560\" height=\"1708\" src=\"https:\/\/sce-fi.no\/wp-content\/uploads\/2022\/08\/Anno2050foto_Trine_Sletvold\u00a9Scenisk_fiksjon_A60-edited-scaled.jpg\" alt=\"\" class=\"wp-image-152\" srcset=\"https:\/\/sce-fi.no\/wp-content\/uploads\/2022\/08\/Anno2050foto_Trine_Sletvold\u00a9Scenisk_fiksjon_A60-edited-scaled.jpg 2560w, https:\/\/sce-fi.no\/wp-content\/uploads\/2022\/08\/Anno2050foto_Trine_Sletvold\u00a9Scenisk_fiksjon_A60-edited-300x200.jpg 300w, https:\/\/sce-fi.no\/wp-content\/uploads\/2022\/08\/Anno2050foto_Trine_Sletvold\u00a9Scenisk_fiksjon_A60-edited-1024x683.jpg 1024w, https:\/\/sce-fi.no\/wp-content\/uploads\/2022\/08\/Anno2050foto_Trine_Sletvold\u00a9Scenisk_fiksjon_A60-edited-768x512.jpg 768w, https:\/\/sce-fi.no\/wp-content\/uploads\/2022\/08\/Anno2050foto_Trine_Sletvold\u00a9Scenisk_fiksjon_A60-edited-1536x1025.jpg 1536w, https:\/\/sce-fi.no\/wp-content\/uploads\/2022\/08\/Anno2050foto_Trine_Sletvold\u00a9Scenisk_fiksjon_A60-edited-2048x1366.jpg 2048w\" sizes=\"auto, (max-width: 2560px) 100vw, 2560px\" \/><\/figure>\n\n\n\n<figure class=\"wp-block-image alignfull size-large is-style-twentytwentyone-image-frame\"><img loading=\"lazy\" decoding=\"async\" width=\"683\" height=\"1024\" src=\"http:\/\/sce-fi.no\/wp-content\/uploads\/2022\/08\/Anno2050foto_Trine_Sletvold\u00a9Scenisk_fiksjon_A43-683x1024.jpg\" alt=\"\" class=\"wp-image-103\" srcset=\"https:\/\/sce-fi.no\/wp-content\/uploads\/2022\/08\/Anno2050foto_Trine_Sletvold\u00a9Scenisk_fiksjon_A43-683x1024.jpg 683w, https:\/\/sce-fi.no\/wp-content\/uploads\/2022\/08\/Anno2050foto_Trine_Sletvold\u00a9Scenisk_fiksjon_A43-200x300.jpg 200w, https:\/\/sce-fi.no\/wp-content\/uploads\/2022\/08\/Anno2050foto_Trine_Sletvold\u00a9Scenisk_fiksjon_A43-768x1152.jpg 768w, https:\/\/sce-fi.no\/wp-content\/uploads\/2022\/08\/Anno2050foto_Trine_Sletvold\u00a9Scenisk_fiksjon_A43-1024x1536.jpg 1024w, https:\/\/sce-fi.no\/wp-content\/uploads\/2022\/08\/Anno2050foto_Trine_Sletvold\u00a9Scenisk_fiksjon_A43-1365x2048.jpg 1365w, https:\/\/sce-fi.no\/wp-content\/uploads\/2022\/08\/Anno2050foto_Trine_Sletvold\u00a9Scenisk_fiksjon_A43-scaled.jpg 1707w\" sizes=\"auto, (max-width: 683px) 100vw, 683px\" \/><\/figure>\n\n\n\n<div style=\"height:100px\" aria-hidden=\"true\" class=\"wp-block-spacer\"><\/div>\n<\/div>\n\n\n\n<div class=\"wp-block-column is-vertically-aligned-top is-layout-flow wp-block-column-is-layout-flow\">\n<figure class=\"wp-block-image size-large\"><img loading=\"lazy\" decoding=\"async\" width=\"683\" height=\"1024\" src=\"http:\/\/sce-fi.no\/wp-content\/uploads\/2022\/08\/Anno2050foto_Trine_Sletvold\u00a9Scenisk_fiksjon_A59-683x1024.jpg\" alt=\"\" class=\"wp-image-119\" srcset=\"https:\/\/sce-fi.no\/wp-content\/uploads\/2022\/08\/Anno2050foto_Trine_Sletvold\u00a9Scenisk_fiksjon_A59-683x1024.jpg 683w, https:\/\/sce-fi.no\/wp-content\/uploads\/2022\/08\/Anno2050foto_Trine_Sletvold\u00a9Scenisk_fiksjon_A59-200x300.jpg 200w, https:\/\/sce-fi.no\/wp-content\/uploads\/2022\/08\/Anno2050foto_Trine_Sletvold\u00a9Scenisk_fiksjon_A59-768x1152.jpg 768w, https:\/\/sce-fi.no\/wp-content\/uploads\/2022\/08\/Anno2050foto_Trine_Sletvold\u00a9Scenisk_fiksjon_A59-1024x1536.jpg 1024w, https:\/\/sce-fi.no\/wp-content\/uploads\/2022\/08\/Anno2050foto_Trine_Sletvold\u00a9Scenisk_fiksjon_A59-1365x2048.jpg 1365w, https:\/\/sce-fi.no\/wp-content\/uploads\/2022\/08\/Anno2050foto_Trine_Sletvold\u00a9Scenisk_fiksjon_A59-scaled.jpg 1707w\" sizes=\"auto, (max-width: 683px) 100vw, 683px\" \/><\/figure>\n<\/div>\n<\/div>\n<\/div><\/div>\n\n\n\n<div style=\"height:100px\" aria-hidden=\"true\" class=\"wp-block-spacer\"><\/div>\n","protected":false},"excerpt":{"rendered":"<p>En kulinarisk scenekunst-opplevelse om hva vi skal spise i fremtiden \u00c5ret er 2050 og verden, slik vi kjenner den, har kollapset. Det er ikke lenger mulig \u00e5 produsere og distribuere mat, og du er en av de overlevende som har samlet seg i n\u00e6rmeste tilfluktsrom. To representanter fra myndighetene m\u00f8ter deg i tilfluktsrommet, hvor du [&hellip;]<\/p>\n","protected":false},"author":1,"featured_media":0,"parent":0,"menu_order":0,"comment_status":"closed","ping_status":"closed","template":"","meta":{"om_disable_all_campaigns":false,"_monsterinsights_skip_tracking":false,"_monsterinsights_sitenote_active":false,"_monsterinsights_sitenote_note":"","_monsterinsights_sitenote_category":0,"footnotes":""},"class_list":["post-5","page","type-page","status-publish","hentry"],"_links":{"self":[{"href":"https:\/\/sce-fi.no\/index.php\/wp-json\/wp\/v2\/pages\/5","targetHints":{"allow":["GET"]}}],"collection":[{"href":"https:\/\/sce-fi.no\/index.php\/wp-json\/wp\/v2\/pages"}],"about":[{"href":"https:\/\/sce-fi.no\/index.php\/wp-json\/wp\/v2\/types\/page"}],"author":[{"embeddable":true,"href":"https:\/\/sce-fi.no\/index.php\/wp-json\/wp\/v2\/users\/1"}],"replies":[{"embeddable":true,"href":"https:\/\/sce-fi.no\/index.php\/wp-json\/wp\/v2\/comments?post=5"}],"version-history":[{"count":9,"href":"https:\/\/sce-fi.no\/index.php\/wp-json\/wp\/v2\/pages\/5\/revisions"}],"predecessor-version":[{"id":167,"href":"https:\/\/sce-fi.no\/index.php\/wp-json\/wp\/v2\/pages\/5\/revisions\/167"}],"wp:attachment":[{"href":"https:\/\/sce-fi.no\/index.php\/wp-json\/wp\/v2\/media?parent=5"}],"curies":[{"name":"wp","href":"https:\/\/api.w.org\/{rel}","templated":true}]}}